{"id":17,"date":"2025-05-17T22:24:05","date_gmt":"2025-05-17T20:24:05","guid":{"rendered":"https:\/\/cali-renovation.fr\/?page_id=17"},"modified":"2025-05-30T13:36:55","modified_gmt":"2025-05-30T11:36:55","slug":"plaque-de-platre-et-isolation","status":"publish","type":"page","link":"https:\/\/cali-renovation.fr\/index.php\/plaque-de-platre-et-isolation\/","title":{"rendered":"Plaques de pl\u00e2tre et isolation"},"content":{"rendered":"\n<div style=\"height:100px\" aria-hidden=\"true\" class=\"wp-block-spacer\"><\/div>\n\n\n\n<p class=\"has-text-align-center\">Nous pouvons r\u00e9aliser tout type d\u2019am\u00e9nagement en placo, depuis les combles, la cuisine, la salle de bains jusqu&#8217;aux placards. Nous vous accompagnons dans tous vos projets pour que votre imagination soit la seule limite !<\/p>\n\n\n\n<div style=\"height:100px\" aria-hidden=\"true\" class=\"wp-block-spacer\"><\/div>\n\n\n\n<p class=\"has-text-align-center has-custom-couleur-r-f-rence-color has-text-color has-link-color wp-elements-c741d9deee4f647324f9652f1d190c10\" style=\"font-size:35px;font-style:normal;font-weight:700\">Voici quelques-unes de nos r\u00e9alisations :<\/p>\n\n\n\n<div style=\"height:100px\" aria-hidden=\"true\" class=\"wp-block-spacer\"><\/div>\n\n\n\n<h3 class=\"wp-block-heading has-text-align-center has-regular-font-size\">Am\u00e9nagement de combles<\/h3>\n\n\n\n<div style=\"height:20px\" aria-hidden=\"true\" class=\"wp-block-spacer\"><\/div>\n\n\n\n<figure class=\"wp-block-gallery has-nested-images columns-default is-cropped wp-block-gallery-1 is-layout-flex wp-block-gallery-is-layout-flex\">\n<figure class=\"wp-block-image size-large\"><img loading=\"lazy\" decoding=\"async\" width=\"1024\" height=\"766\" data-id=\"19\" src=\"https:\/\/cali-renovation.fr\/wp-content\/uploads\/2025\/05\/Amenagement_comble_avant_travaux-min-1024x766.jpg\" alt=\"\" class=\"wp-image-19\" srcset=\"https:\/\/cali-renovation.fr\/wp-content\/uploads\/2025\/05\/Amenagement_comble_avant_travaux-min-1024x766.jpg 1024w, https:\/\/cali-renovation.fr\/wp-content\/uploads\/2025\/05\/Amenagement_comble_avant_travaux-min-300x224.jpg 300w, https:\/\/cali-renovation.fr\/wp-content\/uploads\/2025\/05\/Amenagement_comble_avant_travaux-min-768x574.jpg 768w, https:\/\/cali-renovation.fr\/wp-content\/uploads\/2025\/05\/Amenagement_comble_avant_travaux-min-1536x1149.jpg 1536w, https:\/\/cali-renovation.fr\/wp-content\/uploads\/2025\/05\/Amenagement_comble_avant_travaux-min-2048x1532.jpg 2048w\" sizes=\"auto, (max-width: 1024px) 100vw, 1024px\" \/><\/figure>\n\n\n\n<figure class=\"wp-block-image size-large\"><img loading=\"lazy\" decoding=\"async\" width=\"1024\" height=\"766\" data-id=\"20\" src=\"https:\/\/cali-renovation.fr\/wp-content\/uploads\/2025\/05\/Amenagement_comble_bandes_realisees-min-1024x766.jpg\" alt=\"\" class=\"wp-image-20\" srcset=\"https:\/\/cali-renovation.fr\/wp-content\/uploads\/2025\/05\/Amenagement_comble_bandes_realisees-min-1024x766.jpg 1024w, https:\/\/cali-renovation.fr\/wp-content\/uploads\/2025\/05\/Amenagement_comble_bandes_realisees-min-300x224.jpg 300w, https:\/\/cali-renovation.fr\/wp-content\/uploads\/2025\/05\/Amenagement_comble_bandes_realisees-min-768x574.jpg 768w, https:\/\/cali-renovation.fr\/wp-content\/uploads\/2025\/05\/Amenagement_comble_bandes_realisees-min-1536x1149.jpg 1536w, https:\/\/cali-renovation.fr\/wp-content\/uploads\/2025\/05\/Amenagement_comble_bandes_realisees-min-2048x1532.jpg 2048w\" sizes=\"auto, (max-width: 1024px) 100vw, 1024px\" \/><\/figure>\n\n\n\n<figure class=\"wp-block-image size-large\"><img loading=\"lazy\" decoding=\"async\" width=\"1024\" height=\"766\" data-id=\"21\" src=\"https:\/\/cali-renovation.fr\/wp-content\/uploads\/2025\/05\/Amenagement_comble_ponce_apprete-min-1024x766.jpg\" alt=\"\" class=\"wp-image-21\" srcset=\"https:\/\/cali-renovation.fr\/wp-content\/uploads\/2025\/05\/Amenagement_comble_ponce_apprete-min-1024x766.jpg 1024w, https:\/\/cali-renovation.fr\/wp-content\/uploads\/2025\/05\/Amenagement_comble_ponce_apprete-min-300x224.jpg 300w, https:\/\/cali-renovation.fr\/wp-content\/uploads\/2025\/05\/Amenagement_comble_ponce_apprete-min-768x574.jpg 768w, https:\/\/cali-renovation.fr\/wp-content\/uploads\/2025\/05\/Amenagement_comble_ponce_apprete-min-1536x1149.jpg 1536w, https:\/\/cali-renovation.fr\/wp-content\/uploads\/2025\/05\/Amenagement_comble_ponce_apprete-min-2048x1532.jpg 2048w\" sizes=\"auto, (max-width: 1024px) 100vw, 1024px\" \/><\/figure>\n\n\n\n<figure class=\"wp-block-image size-large\"><img loading=\"lazy\" decoding=\"async\" width=\"1024\" height=\"766\" data-id=\"22\" src=\"https:\/\/cali-renovation.fr\/wp-content\/uploads\/2025\/05\/Meuble_sous-pente-min-1024x766.jpg\" alt=\"\" class=\"wp-image-22\" srcset=\"https:\/\/cali-renovation.fr\/wp-content\/uploads\/2025\/05\/Meuble_sous-pente-min-1024x766.jpg 1024w, https:\/\/cali-renovation.fr\/wp-content\/uploads\/2025\/05\/Meuble_sous-pente-min-300x224.jpg 300w, https:\/\/cali-renovation.fr\/wp-content\/uploads\/2025\/05\/Meuble_sous-pente-min-768x574.jpg 768w, https:\/\/cali-renovation.fr\/wp-content\/uploads\/2025\/05\/Meuble_sous-pente-min-1536x1149.jpg 1536w, https:\/\/cali-renovation.fr\/wp-content\/uploads\/2025\/05\/Meuble_sous-pente-min-2048x1532.jpg 2048w\" sizes=\"auto, (max-width: 1024px) 100vw, 1024px\" \/><\/figure>\n\n\n\n<figure class=\"wp-block-image size-large\"><img loading=\"lazy\" decoding=\"async\" width=\"1024\" height=\"766\" data-id=\"18\" src=\"https:\/\/cali-renovation.fr\/wp-content\/uploads\/2025\/05\/Amenaegment_chambre_comble-min-1024x766.jpg\" alt=\"\" class=\"wp-image-18\" srcset=\"https:\/\/cali-renovation.fr\/wp-content\/uploads\/2025\/05\/Amenaegment_chambre_comble-min-1024x766.jpg 1024w, https:\/\/cali-renovation.fr\/wp-content\/uploads\/2025\/05\/Amenaegment_chambre_comble-min-300x224.jpg 300w, https:\/\/cali-renovation.fr\/wp-content\/uploads\/2025\/05\/Amenaegment_chambre_comble-min-768x574.jpg 768w, https:\/\/cali-renovation.fr\/wp-content\/uploads\/2025\/05\/Amenaegment_chambre_comble-min-1536x1149.jpg 1536w, https:\/\/cali-renovation.fr\/wp-content\/uploads\/2025\/05\/Amenaegment_chambre_comble-min-2048x1532.jpg 2048w\" sizes=\"auto, (max-width: 1024px) 100vw, 1024px\" \/><\/figure>\n<\/figure>\n\n\n\n<div style=\"height:100px\" aria-hidden=\"true\" class=\"wp-block-spacer\"><\/div>\n\n\n\n<h3 class=\"wp-block-heading has-text-align-center has-regular-font-size\">R\u00e9alisation d&#8217;un placard en plaques de pl\u00e2tre avec \u00e9clairage int\u00e9rieur<\/h3>\n\n\n\n<div style=\"height:20px\" aria-hidden=\"true\" class=\"wp-block-spacer\"><\/div>\n\n\n\n<figure class=\"wp-block-gallery has-nested-images columns-default is-cropped wp-block-gallery-2 is-layout-flex wp-block-gallery-is-layout-flex\">\n<figure class=\"wp-block-image size-large\"><img loading=\"lazy\" decoding=\"async\" width=\"1024\" height=\"766\" data-id=\"24\" src=\"https:\/\/cali-renovation.fr\/wp-content\/uploads\/2025\/05\/Placard_travaux_en_cours-min-1024x766.jpg\" alt=\"\" class=\"wp-image-24\" srcset=\"https:\/\/cali-renovation.fr\/wp-content\/uploads\/2025\/05\/Placard_travaux_en_cours-min-1024x766.jpg 1024w, https:\/\/cali-renovation.fr\/wp-content\/uploads\/2025\/05\/Placard_travaux_en_cours-min-300x224.jpg 300w, https:\/\/cali-renovation.fr\/wp-content\/uploads\/2025\/05\/Placard_travaux_en_cours-min-768x574.jpg 768w, https:\/\/cali-renovation.fr\/wp-content\/uploads\/2025\/05\/Placard_travaux_en_cours-min-1536x1149.jpg 1536w, https:\/\/cali-renovation.fr\/wp-content\/uploads\/2025\/05\/Placard_travaux_en_cours-min-2048x1532.jpg 2048w\" sizes=\"auto, (max-width: 1024px) 100vw, 1024px\" \/><\/figure>\n\n\n\n<figure class=\"wp-block-image size-large\"><img loading=\"lazy\" decoding=\"async\" width=\"1024\" height=\"766\" data-id=\"23\" src=\"https:\/\/cali-renovation.fr\/wp-content\/uploads\/2025\/05\/Placard_realise-min-1024x766.jpg\" alt=\"\" class=\"wp-image-23\" srcset=\"https:\/\/cali-renovation.fr\/wp-content\/uploads\/2025\/05\/Placard_realise-min-1024x766.jpg 1024w, https:\/\/cali-renovation.fr\/wp-content\/uploads\/2025\/05\/Placard_realise-min-300x224.jpg 300w, https:\/\/cali-renovation.fr\/wp-content\/uploads\/2025\/05\/Placard_realise-min-768x574.jpg 768w, https:\/\/cali-renovation.fr\/wp-content\/uploads\/2025\/05\/Placard_realise-min-1536x1149.jpg 1536w, https:\/\/cali-renovation.fr\/wp-content\/uploads\/2025\/05\/Placard_realise-min-2048x1532.jpg 2048w\" sizes=\"auto, (max-width: 1024px) 100vw, 1024px\" \/><\/figure>\n<\/figure>\n\n\n\n<div style=\"height:100px\" aria-hidden=\"true\" class=\"wp-block-spacer\"><\/div>\n\n\n\n<h3 class=\"wp-block-heading has-text-align-center has-regular-font-size\">R\u00e9alisation d&#8217;un coffrage pour dissimuler c\u00e2bles et canalisations<\/h3>\n\n\n\n<div style=\"height:20px\" aria-hidden=\"true\" class=\"wp-block-spacer\"><\/div>\n\n\n\n<figure class=\"wp-block-gallery has-nested-images columns-default is-cropped wp-block-gallery-3 is-layout-flex wp-block-gallery-is-layout-flex\">\n<figure class=\"wp-block-image size-large\"><img loading=\"lazy\" decoding=\"async\" width=\"1024\" height=\"766\" data-id=\"26\" src=\"https:\/\/cali-renovation.fr\/wp-content\/uploads\/2025\/05\/Realisation_coffrage_avant-min-1024x766.jpg\" alt=\"\" class=\"wp-image-26\" srcset=\"https:\/\/cali-renovation.fr\/wp-content\/uploads\/2025\/05\/Realisation_coffrage_avant-min-1024x766.jpg 1024w, https:\/\/cali-renovation.fr\/wp-content\/uploads\/2025\/05\/Realisation_coffrage_avant-min-300x224.jpg 300w, https:\/\/cali-renovation.fr\/wp-content\/uploads\/2025\/05\/Realisation_coffrage_avant-min-768x574.jpg 768w, https:\/\/cali-renovation.fr\/wp-content\/uploads\/2025\/05\/Realisation_coffrage_avant-min-1536x1149.jpg 1536w, https:\/\/cali-renovation.fr\/wp-content\/uploads\/2025\/05\/Realisation_coffrage_avant-min-2048x1532.jpg 2048w\" sizes=\"auto, (max-width: 1024px) 100vw, 1024px\" \/><\/figure>\n\n\n\n<figure class=\"wp-block-image size-large\"><img loading=\"lazy\" decoding=\"async\" width=\"1024\" height=\"766\" data-id=\"25\" src=\"https:\/\/cali-renovation.fr\/wp-content\/uploads\/2025\/05\/Realisation_coffrage_apres-min-1024x766.jpg\" alt=\"\" class=\"wp-image-25\" srcset=\"https:\/\/cali-renovation.fr\/wp-content\/uploads\/2025\/05\/Realisation_coffrage_apres-min-1024x766.jpg 1024w, https:\/\/cali-renovation.fr\/wp-content\/uploads\/2025\/05\/Realisation_coffrage_apres-min-300x224.jpg 300w, https:\/\/cali-renovation.fr\/wp-content\/uploads\/2025\/05\/Realisation_coffrage_apres-min-768x574.jpg 768w, https:\/\/cali-renovation.fr\/wp-content\/uploads\/2025\/05\/Realisation_coffrage_apres-min-1536x1149.jpg 1536w, https:\/\/cali-renovation.fr\/wp-content\/uploads\/2025\/05\/Realisation_coffrage_apres-min-2048x1532.jpg 2048w\" sizes=\"auto, (max-width: 1024px) 100vw, 1024px\" \/><\/figure>\n<\/figure>\n\n\n\n<p><\/p>\n","protected":false},"excerpt":{"rendered":"<p>Nous pouvons r\u00e9aliser tout type d\u2019am\u00e9nagement en placo, depuis les combles, la cuisine, la salle de bains jusqu&#8217;aux placards. Nous vous accompagnons dans tous vos projets pour que votre imagination soit la seule limite ! Voici quelques-unes de nos r\u00e9alisations : Am\u00e9nagement de combles R\u00e9alisation d&#8217;un placard en plaques de pl\u00e2tre avec \u00e9clairage int\u00e9rieur R\u00e9alisation [&hellip;]<\/p>\n","protected":false},"author":1,"featured_media":0,"parent":0,"menu_order":0,"comment_status":"closed","ping_status":"closed","template":"","meta":{"footnotes":""},"class_list":["post-17","page","type-page","status-publish","hentry"],"_links":{"self":[{"href":"https:\/\/cali-renovation.fr\/index.php\/wp-json\/wp\/v2\/pages\/17","targetHints":{"allow":["GET"]}}],"collection":[{"href":"https:\/\/cali-renovation.fr\/index.php\/wp-json\/wp\/v2\/pages"}],"about":[{"href":"https:\/\/cali-renovation.fr\/index.php\/wp-json\/wp\/v2\/types\/page"}],"author":[{"embeddable":true,"href":"https:\/\/cali-renovation.fr\/index.php\/wp-json\/wp\/v2\/users\/1"}],"replies":[{"embeddable":true,"href":"https:\/\/cali-renovation.fr\/index.php\/wp-json\/wp\/v2\/comments?post=17"}],"version-history":[{"count":7,"href":"https:\/\/cali-renovation.fr\/index.php\/wp-json\/wp\/v2\/pages\/17\/revisions"}],"predecessor-version":[{"id":132,"href":"https:\/\/cali-renovation.fr\/index.php\/wp-json\/wp\/v2\/pages\/17\/revisions\/132"}],"wp:attachment":[{"href":"https:\/\/cali-renovation.fr\/index.php\/wp-json\/wp\/v2\/media?parent=17"}],"curies":[{"name":"wp","href":"https:\/\/api.w.org\/{rel}","templated":true}]}}