{"id":30,"date":"2025-05-17T22:24:19","date_gmt":"2025-05-17T20:24:19","guid":{"rendered":"https:\/\/cali-renovation.fr\/?page_id=30"},"modified":"2025-05-30T13:43:40","modified_gmt":"2025-05-30T11:43:40","slug":"electricite","status":"publish","type":"page","link":"https:\/\/cali-renovation.fr\/index.php\/electricite\/","title":{"rendered":"\u00c9lectricit\u00e9"},"content":{"rendered":"\n<div style=\"height:100px\" aria-hidden=\"true\" class=\"wp-block-spacer\"><\/div>\n\n\n\n<p class=\"has-text-align-center\">Nous vous accompagnons pour votre projet de mise aux normes d&#8217;une installation \u00e9lectrique, le c\u00e2blage \u00e9lectrique de votre chantier de r\u00e9novation\/extension, ou pour passer les c\u00e2bles correspondant \u00e0 l&#8217;implantation de votre nouvelle cuisine. <\/p>\n\n\n\n<div style=\"height:100px\" aria-hidden=\"true\" class=\"wp-block-spacer\"><\/div>\n\n\n\n<p class=\"has-text-align-center has-custom-couleur-r-f-rence-color has-text-color has-link-color wp-elements-c741d9deee4f647324f9652f1d190c10\" style=\"font-size:35px;font-style:normal;font-weight:700\">Voici quelques-unes de nos r\u00e9alisations :<\/p>\n\n\n\n<div style=\"height:100px\" aria-hidden=\"true\" class=\"wp-block-spacer\"><\/div>\n\n\n\n<h3 class=\"wp-block-heading has-text-align-center has-regular-font-size\">Pr\u00e9paration avant l&#8217;am\u00e9nagement d&#8217;une nouvelle cuisine<\/h3>\n\n\n\n<div style=\"height:20px\" aria-hidden=\"true\" class=\"wp-block-spacer\"><\/div>\n\n\n\n<figure class=\"wp-block-gallery has-nested-images columns-default is-cropped wp-block-gallery-1 is-layout-flex wp-block-gallery-is-layout-flex\">\n<figure class=\"wp-block-image size-large\"><img loading=\"lazy\" decoding=\"async\" width=\"1024\" height=\"816\" data-id=\"34\" src=\"https:\/\/cali-renovation.fr\/wp-content\/uploads\/2025\/05\/Realisation_coffrage_avant-min-1-1024x816.jpg\" alt=\"\" class=\"wp-image-34\" srcset=\"https:\/\/cali-renovation.fr\/wp-content\/uploads\/2025\/05\/Realisation_coffrage_avant-min-1-1024x816.jpg 1024w, https:\/\/cali-renovation.fr\/wp-content\/uploads\/2025\/05\/Realisation_coffrage_avant-min-1-300x239.jpg 300w, https:\/\/cali-renovation.fr\/wp-content\/uploads\/2025\/05\/Realisation_coffrage_avant-min-1-768x612.jpg 768w, https:\/\/cali-renovation.fr\/wp-content\/uploads\/2025\/05\/Realisation_coffrage_avant-min-1-1536x1223.jpg 1536w, https:\/\/cali-renovation.fr\/wp-content\/uploads\/2025\/05\/Realisation_coffrage_avant-min-1-2048x1631.jpg 2048w\" sizes=\"auto, (max-width: 1024px) 100vw, 1024px\" \/><\/figure>\n\n\n\n<figure class=\"wp-block-image size-large\"><img loading=\"lazy\" decoding=\"async\" width=\"1024\" height=\"751\" data-id=\"33\" src=\"https:\/\/cali-renovation.fr\/wp-content\/uploads\/2025\/05\/Realisation_coffrage_apres-min-1-1024x751.jpg\" alt=\"\" class=\"wp-image-33\" srcset=\"https:\/\/cali-renovation.fr\/wp-content\/uploads\/2025\/05\/Realisation_coffrage_apres-min-1-1024x751.jpg 1024w, https:\/\/cali-renovation.fr\/wp-content\/uploads\/2025\/05\/Realisation_coffrage_apres-min-1-300x220.jpg 300w, https:\/\/cali-renovation.fr\/wp-content\/uploads\/2025\/05\/Realisation_coffrage_apres-min-1-768x563.jpg 768w, https:\/\/cali-renovation.fr\/wp-content\/uploads\/2025\/05\/Realisation_coffrage_apres-min-1-1536x1126.jpg 1536w, https:\/\/cali-renovation.fr\/wp-content\/uploads\/2025\/05\/Realisation_coffrage_apres-min-1.jpg 2024w\" sizes=\"auto, (max-width: 1024px) 100vw, 1024px\" \/><\/figure>\n<\/figure>\n\n\n\n<div style=\"height:100px\" aria-hidden=\"true\" class=\"wp-block-spacer\"><\/div>\n\n\n\n<h3 class=\"wp-block-heading has-text-align-center has-regular-font-size\">C\u00e2blage d&#8217;un compteur \u00e9lectrique sur un chantier de r\u00e9novation<\/h3>\n\n\n\n<div style=\"height:20px\" aria-hidden=\"true\" class=\"wp-block-spacer\"><\/div>\n\n\n\n<figure class=\"wp-block-gallery has-nested-images columns-default is-cropped wp-block-gallery-2 is-layout-flex wp-block-gallery-is-layout-flex\">\n<figure class=\"wp-block-image size-large\"><img loading=\"lazy\" decoding=\"async\" width=\"766\" height=\"1024\" data-id=\"32\" src=\"https:\/\/cali-renovation.fr\/wp-content\/uploads\/2025\/05\/Compteur-electrique-cablage-apparent-min-766x1024.jpg\" alt=\"\" class=\"wp-image-32\" srcset=\"https:\/\/cali-renovation.fr\/wp-content\/uploads\/2025\/05\/Compteur-electrique-cablage-apparent-min-766x1024.jpg 766w, https:\/\/cali-renovation.fr\/wp-content\/uploads\/2025\/05\/Compteur-electrique-cablage-apparent-min-224x300.jpg 224w, https:\/\/cali-renovation.fr\/wp-content\/uploads\/2025\/05\/Compteur-electrique-cablage-apparent-min-768x1027.jpg 768w, https:\/\/cali-renovation.fr\/wp-content\/uploads\/2025\/05\/Compteur-electrique-cablage-apparent-min-1149x1536.jpg 1149w, https:\/\/cali-renovation.fr\/wp-content\/uploads\/2025\/05\/Compteur-electrique-cablage-apparent-min-1532x2048.jpg 1532w, https:\/\/cali-renovation.fr\/wp-content\/uploads\/2025\/05\/Compteur-electrique-cablage-apparent-min-scaled.jpg 1915w\" sizes=\"auto, (max-width: 766px) 100vw, 766px\" \/><\/figure>\n\n\n\n<figure class=\"wp-block-image size-large\"><img loading=\"lazy\" decoding=\"async\" width=\"766\" height=\"1024\" data-id=\"31\" src=\"https:\/\/cali-renovation.fr\/wp-content\/uploads\/2025\/05\/Compteur_electrique-min-766x1024.jpg\" alt=\"\" class=\"wp-image-31\" srcset=\"https:\/\/cali-renovation.fr\/wp-content\/uploads\/2025\/05\/Compteur_electrique-min-766x1024.jpg 766w, https:\/\/cali-renovation.fr\/wp-content\/uploads\/2025\/05\/Compteur_electrique-min-224x300.jpg 224w, https:\/\/cali-renovation.fr\/wp-content\/uploads\/2025\/05\/Compteur_electrique-min-768x1027.jpg 768w, https:\/\/cali-renovation.fr\/wp-content\/uploads\/2025\/05\/Compteur_electrique-min-1149x1536.jpg 1149w, https:\/\/cali-renovation.fr\/wp-content\/uploads\/2025\/05\/Compteur_electrique-min-1532x2048.jpg 1532w, https:\/\/cali-renovation.fr\/wp-content\/uploads\/2025\/05\/Compteur_electrique-min-scaled.jpg 1915w\" sizes=\"auto, (max-width: 766px) 100vw, 766px\" \/><\/figure>\n<\/figure>\n","protected":false},"excerpt":{"rendered":"<p>Nous vous accompagnons pour votre projet de mise aux normes d&#8217;une installation \u00e9lectrique, le c\u00e2blage \u00e9lectrique de votre chantier de r\u00e9novation\/extension, ou pour passer les c\u00e2bles correspondant \u00e0 l&#8217;implantation de votre nouvelle cuisine. Voici quelques-unes de nos r\u00e9alisations : Pr\u00e9paration avant l&#8217;am\u00e9nagement d&#8217;une nouvelle cuisine C\u00e2blage d&#8217;un compteur \u00e9lectrique sur un chantier de r\u00e9novation<\/p>\n","protected":false},"author":1,"featured_media":0,"parent":0,"menu_order":0,"comment_status":"closed","ping_status":"closed","template":"","meta":{"footnotes":""},"class_list":["post-30","page","type-page","status-publish","hentry"],"_links":{"self":[{"href":"https:\/\/cali-renovation.fr\/index.php\/wp-json\/wp\/v2\/pages\/30","targetHints":{"allow":["GET"]}}],"collection":[{"href":"https:\/\/cali-renovation.fr\/index.php\/wp-json\/wp\/v2\/pages"}],"about":[{"href":"https:\/\/cali-renovation.fr\/index.php\/wp-json\/wp\/v2\/types\/page"}],"author":[{"embeddable":true,"href":"https:\/\/cali-renovation.fr\/index.php\/wp-json\/wp\/v2\/users\/1"}],"replies":[{"embeddable":true,"href":"https:\/\/cali-renovation.fr\/index.php\/wp-json\/wp\/v2\/comments?post=30"}],"version-history":[{"count":11,"href":"https:\/\/cali-renovation.fr\/index.php\/wp-json\/wp\/v2\/pages\/30\/revisions"}],"predecessor-version":[{"id":136,"href":"https:\/\/cali-renovation.fr\/index.php\/wp-json\/wp\/v2\/pages\/30\/revisions\/136"}],"wp:attachment":[{"href":"https:\/\/cali-renovation.fr\/index.php\/wp-json\/wp\/v2\/media?parent=30"}],"curies":[{"name":"wp","href":"https:\/\/api.w.org\/{rel}","templated":true}]}}