{"id":36,"date":"2025-05-17T22:23:42","date_gmt":"2025-05-17T20:23:42","guid":{"rendered":"https:\/\/cali-renovation.fr\/?page_id=36"},"modified":"2025-05-30T13:48:11","modified_gmt":"2025-05-30T11:48:11","slug":"plomberie","status":"publish","type":"page","link":"https:\/\/cali-renovation.fr\/index.php\/plomberie\/","title":{"rendered":"Plomberie"},"content":{"rendered":"\n<div style=\"height:100px\" aria-hidden=\"true\" class=\"wp-block-spacer\"><\/div>\n\n\n\n<p class=\"has-text-align-center\">Nous r\u00e9alisons les distributions d&#8217;eau en soudure au cuivre et en multi-couches pour vos travaux de salle de bains, de pose d&#8217;\u00e9viers ou de WC.  <\/p>\n\n\n\n<div style=\"height:100px\" aria-hidden=\"true\" class=\"wp-block-spacer\"><\/div>\n\n\n\n<p class=\"has-text-align-center has-custom-couleur-r-f-rence-color has-text-color has-link-color wp-elements-c741d9deee4f647324f9652f1d190c10\" style=\"font-size:35px;font-style:normal;font-weight:700\">Voici quelques-unes de nos r\u00e9alisations :<\/p>\n\n\n\n<div style=\"height:100px\" aria-hidden=\"true\" class=\"wp-block-spacer\"><\/div>\n\n\n\n<p class=\"has-text-align-center has-regular-font-size\">R\u00e9alisation de canalisations en cuivre<\/p>\n\n\n\n<div style=\"height:20px\" aria-hidden=\"true\" class=\"wp-block-spacer\"><\/div>\n\n\n\n<figure class=\"wp-block-gallery has-nested-images columns-default is-cropped wp-block-gallery-1 is-layout-flex wp-block-gallery-is-layout-flex\">\n<figure class=\"wp-block-image size-large\"><img loading=\"lazy\" decoding=\"async\" width=\"766\" height=\"1024\" data-id=\"84\" src=\"https:\/\/cali-renovation.fr\/wp-content\/uploads\/2025\/05\/Alimentation_douche_avec_placo-min-766x1024.jpg\" alt=\"\" class=\"wp-image-84\" srcset=\"https:\/\/cali-renovation.fr\/wp-content\/uploads\/2025\/05\/Alimentation_douche_avec_placo-min-766x1024.jpg 766w, https:\/\/cali-renovation.fr\/wp-content\/uploads\/2025\/05\/Alimentation_douche_avec_placo-min-224x300.jpg 224w, https:\/\/cali-renovation.fr\/wp-content\/uploads\/2025\/05\/Alimentation_douche_avec_placo-min-768x1027.jpg 768w, https:\/\/cali-renovation.fr\/wp-content\/uploads\/2025\/05\/Alimentation_douche_avec_placo-min-1149x1536.jpg 1149w, https:\/\/cali-renovation.fr\/wp-content\/uploads\/2025\/05\/Alimentation_douche_avec_placo-min-1532x2048.jpg 1532w, https:\/\/cali-renovation.fr\/wp-content\/uploads\/2025\/05\/Alimentation_douche_avec_placo-min-scaled.jpg 1915w\" sizes=\"auto, (max-width: 766px) 100vw, 766px\" \/><\/figure>\n\n\n\n<figure class=\"wp-block-image size-large\"><img loading=\"lazy\" decoding=\"async\" width=\"766\" height=\"1024\" data-id=\"37\" src=\"https:\/\/cali-renovation.fr\/wp-content\/uploads\/2025\/05\/Alimentation-douche-min-766x1024.jpg\" alt=\"\" class=\"wp-image-37\" srcset=\"https:\/\/cali-renovation.fr\/wp-content\/uploads\/2025\/05\/Alimentation-douche-min-766x1024.jpg 766w, https:\/\/cali-renovation.fr\/wp-content\/uploads\/2025\/05\/Alimentation-douche-min-224x300.jpg 224w, https:\/\/cali-renovation.fr\/wp-content\/uploads\/2025\/05\/Alimentation-douche-min-768x1027.jpg 768w, https:\/\/cali-renovation.fr\/wp-content\/uploads\/2025\/05\/Alimentation-douche-min-1149x1536.jpg 1149w, https:\/\/cali-renovation.fr\/wp-content\/uploads\/2025\/05\/Alimentation-douche-min-1532x2048.jpg 1532w, https:\/\/cali-renovation.fr\/wp-content\/uploads\/2025\/05\/Alimentation-douche-min-scaled.jpg 1915w\" sizes=\"auto, (max-width: 766px) 100vw, 766px\" \/><\/figure>\n<\/figure>\n\n\n\n<figure class=\"wp-block-gallery has-nested-images columns-default is-cropped wp-block-gallery-2 is-layout-flex wp-block-gallery-is-layout-flex\">\n<figure class=\"wp-block-image size-large\"><img loading=\"lazy\" decoding=\"async\" width=\"766\" height=\"1024\" data-id=\"85\" src=\"http:\/\/cali-renovation.fr\/wp-content\/uploads\/2025\/05\/Alimentation-evier_SDB_avec_placo-min-766x1024.jpg\" alt=\"\" class=\"wp-image-85\" srcset=\"https:\/\/cali-renovation.fr\/wp-content\/uploads\/2025\/05\/Alimentation-evier_SDB_avec_placo-min-766x1024.jpg 766w, https:\/\/cali-renovation.fr\/wp-content\/uploads\/2025\/05\/Alimentation-evier_SDB_avec_placo-min-224x300.jpg 224w, https:\/\/cali-renovation.fr\/wp-content\/uploads\/2025\/05\/Alimentation-evier_SDB_avec_placo-min-768x1027.jpg 768w, https:\/\/cali-renovation.fr\/wp-content\/uploads\/2025\/05\/Alimentation-evier_SDB_avec_placo-min-1149x1536.jpg 1149w, https:\/\/cali-renovation.fr\/wp-content\/uploads\/2025\/05\/Alimentation-evier_SDB_avec_placo-min-1532x2048.jpg 1532w, https:\/\/cali-renovation.fr\/wp-content\/uploads\/2025\/05\/Alimentation-evier_SDB_avec_placo-min-scaled.jpg 1915w\" sizes=\"auto, (max-width: 766px) 100vw, 766px\" \/><\/figure>\n\n\n\n<figure class=\"wp-block-image size-large\"><img loading=\"lazy\" decoding=\"async\" width=\"1024\" height=\"766\" data-id=\"38\" src=\"http:\/\/cali-renovation.fr\/wp-content\/uploads\/2025\/05\/Alimentation-evier-SDB-min-1024x766.jpg\" alt=\"\" class=\"wp-image-38\" srcset=\"https:\/\/cali-renovation.fr\/wp-content\/uploads\/2025\/05\/Alimentation-evier-SDB-min-1024x766.jpg 1024w, https:\/\/cali-renovation.fr\/wp-content\/uploads\/2025\/05\/Alimentation-evier-SDB-min-300x224.jpg 300w, https:\/\/cali-renovation.fr\/wp-content\/uploads\/2025\/05\/Alimentation-evier-SDB-min-768x574.jpg 768w, https:\/\/cali-renovation.fr\/wp-content\/uploads\/2025\/05\/Alimentation-evier-SDB-min-1536x1149.jpg 1536w, https:\/\/cali-renovation.fr\/wp-content\/uploads\/2025\/05\/Alimentation-evier-SDB-min-2048x1532.jpg 2048w\" sizes=\"auto, (max-width: 1024px) 100vw, 1024px\" \/><\/figure>\n<\/figure>\n","protected":false},"excerpt":{"rendered":"<p>Nous r\u00e9alisons les distributions d&#8217;eau en soudure au cuivre et en multi-couches pour vos travaux de salle de bains, de pose d&#8217;\u00e9viers ou de WC. Voici quelques-unes de nos r\u00e9alisations : R\u00e9alisation de canalisations en cuivre<\/p>\n","protected":false},"author":1,"featured_media":0,"parent":0,"menu_order":0,"comment_status":"closed","ping_status":"closed","template":"","meta":{"footnotes":""},"class_list":["post-36","page","type-page","status-publish","hentry"],"_links":{"self":[{"href":"https:\/\/cali-renovation.fr\/index.php\/wp-json\/wp\/v2\/pages\/36","targetHints":{"allow":["GET"]}}],"collection":[{"href":"https:\/\/cali-renovation.fr\/index.php\/wp-json\/wp\/v2\/pages"}],"about":[{"href":"https:\/\/cali-renovation.fr\/index.php\/wp-json\/wp\/v2\/types\/page"}],"author":[{"embeddable":true,"href":"https:\/\/cali-renovation.fr\/index.php\/wp-json\/wp\/v2\/users\/1"}],"replies":[{"embeddable":true,"href":"https:\/\/cali-renovation.fr\/index.php\/wp-json\/wp\/v2\/comments?post=36"}],"version-history":[{"count":8,"href":"https:\/\/cali-renovation.fr\/index.php\/wp-json\/wp\/v2\/pages\/36\/revisions"}],"predecessor-version":[{"id":138,"href":"https:\/\/cali-renovation.fr\/index.php\/wp-json\/wp\/v2\/pages\/36\/revisions\/138"}],"wp:attachment":[{"href":"https:\/\/cali-renovation.fr\/index.php\/wp-json\/wp\/v2\/media?parent=36"}],"curies":[{"name":"wp","href":"https:\/\/api.w.org\/{rel}","templated":true}]}}